{"id":779,"date":"2022-04-30T12:45:31","date_gmt":"2022-04-30T12:45:31","guid":{"rendered":"https:\/\/artheke.com\/?page_id=779"},"modified":"2022-05-03T02:57:35","modified_gmt":"2022-05-03T02:57:35","slug":"modalidad-de-artes","status":"publish","type":"page","link":"https:\/\/www.artheke.com\/?page_id=779","title":{"rendered":"Modalidad de Artes"},"content":{"rendered":"\n<p class=\"has-text-color has-large-font-size\" style=\"color:#485fa5\"><strong>DE CONFORMIDAD con la Ley Org\u00e1nica 2\/2006, de 3 de mayo (Ref. BOE-A-2006-7899)<\/strong>.<\/p>\n\n\n\n<p>Seg\u00fan el<strong> Real Decreto 243\/2022, de 5 de abril<\/strong>, por el que se establecen la <strong>ordenaci\u00f3n y las ense\u00f1anza del Bachillerato<\/strong> \u2014Bolet\u00edn Oficial del Estado (mi\u00e9rcoles 6 de abril de 2022), N\u00famero 82, Sec. I. P\u00e1g. 46052)\u2014 y que DEROGA todos los anteriores:<\/p>\n\n\n\n<div class=\"wp-block-buttons is-layout-flex wp-block-buttons-is-layout-flex\">\n<div class=\"wp-block-button\"><a class=\"wp-block-button__link has-gray-background-color has-background\" href=\"https:\/\/www.boe.es\/buscar\/pdf\/2022\/BOE-A-2022-5521-consolidado.pdf\" style=\"border-radius:46px\" target=\"_blank\" rel=\"noreferrer noopener\">R.D. 243\/2022, de 5 de abril. Ordenaci\u00f3n y ense\u00f1anzas m\u00ednimas del Bachillerato.<\/a><\/div>\n<\/div>\n\n\n\n<div class=\"wp-block-buttons is-layout-flex wp-block-buttons-is-layout-flex\">\n<div class=\"wp-block-button\"><a class=\"wp-block-button__link has-background\" href=\"https:\/\/www.boe.es\/buscar\/act.php?id=BOE-A-2022-5521&amp;p=20220406&amp;tn=2\" style=\"border-radius:33px;background-color:#5b6470\" target=\"_blank\" rel=\"noreferrer noopener\">\u00cdNDICE<\/a><\/div>\n<\/div>\n\n\n\n<div class=\"wp-block-buttons alignwide is-content-justification-center is-layout-flex wp-container-core-buttons-is-layout-16018d1d wp-block-buttons-is-layout-flex\">\n<div class=\"wp-block-button\"><a class=\"wp-block-button__link has-background\" href=\"https:\/\/www.boe.es\/buscar\/act.php?id=BOE-A-2022-5521&amp;p=20220406&amp;tn=6\" style=\"border-radius:53px;background-color:#947575\" target=\"_blank\" rel=\"noreferrer noopener\">Reales Decretos DEROGADOS<\/a><\/div>\n<\/div>\n\n\n\n<p class=\"has-text-color has-extra-large-font-size\" style=\"color:#d54713\">Art\u00edculo 10. <strong>Materias espec\u00edficas de la modalidad de Artes<\/strong>: <\/p>\n\n\n\n<p><strong>En su punto 1. dice <\/strong>que, el alumnado que opte por <em>la modalidad de Artes<\/em> deber\u00e1 elegir entre la v\u00eda de:<\/p>\n\n\n\n<ul class=\"has-yellow-background-color has-text-color has-background wp-block-list\" style=\"color:#419b8e\"><li><strong><em>Artes Pl\u00e1sticas, Imagen y Dise\u00f1o<\/em><\/strong><\/li><li><strong><em>M\u00fasica y Artes Esc\u00e9nicas<\/em><\/strong><\/li><\/ul>\n\n\n\n<p><strong>En el Art\u00edculo 10, en su punto 2. <\/strong>se detalla que:<\/p>\n\n\n\n<p>el alumnado de la <strong>v\u00eda de Artes Pl\u00e1sticas, Imagen y Dise\u00f1o<\/strong>, cursar\u00e1 en el <strong>primer curso<\/strong><\/p>\n\n\n\n<p class=\"has-yellow-background-color has-text-color has-background\" style=\"color:#8f5f5f\"><strong>Dise\u00f1o Art\u00edstico<\/strong><\/p>\n\n\n\n<p>y deber\u00e1 <em>elegir otras dos materias<\/em> de modalidad entre las siguientes materias espec\u00edficas:<\/p>\n\n\n\n<p class=\"has-yellow-background-color has-text-color has-background\" style=\"color:#9c6e6e\">a) <strong>Cultura Audiovisual<\/strong><\/p>\n\n\n\n<p class=\"has-yellow-background-color has-text-color has-background\" style=\"color:#9c6e6e\">b) <strong>Dibujo T\u00e9cnico Aplicado a las Artes Pl\u00e1sticas y al Dise\u00f1o I.<\/strong><\/p>\n\n\n\n<p class=\"has-yellow-background-color has-text-color has-background\" style=\"color:#9c6e6e\">c) <strong>Proyectos Art\u00edsticos.<\/strong><\/p>\n\n\n\n<p class=\"has-yellow-background-color has-text-color has-background\" style=\"color:#9c6e6e\">d) <strong>Volumen<\/strong><\/p>\n\n\n\n<p><strong>En el Art\u00edculo 10, en su punto 3. <\/strong>se detalla que:<\/p>\n\n\n\n<p>el alumnado de la <strong>v\u00eda de Artes Pl\u00e1sticas, Imagen y Dise\u00f1o<\/strong>, cursar\u00e1 en el <strong>segundo curso<\/strong><\/p>\n\n\n\n<p class=\"has-yellow-background-color has-text-color has-background\" style=\"color:#835151\"><strong>Dise\u00f1o Art\u00edstico II<\/strong><\/p>\n\n\n\n<p>y deber\u00e1 <em>elegir otras dos materias <\/em>de modalidad entre las siguientes materias espec\u00edficas:<\/p>\n\n\n\n<p class=\"has-yellow-background-color has-text-color has-background\" style=\"color:#9c6e6e\">a) <strong>Dise\u00f1o T\u00e9cnico Aplicado a las Artes Pl\u00e1sticas y al Dise\u00f1o II<\/strong><\/p>\n\n\n\n<p class=\"has-yellow-background-color has-text-color has-background\" style=\"color:#9c6e6e\">b) <strong>Dise\u00f1o<\/strong><\/p>\n\n\n\n<p class=\"has-yellow-background-color has-text-color has-background\" style=\"color:#9c6e6e\">c) <strong>Fundamentos Art\u00edsticos<\/strong><\/p>\n\n\n\n<p class=\"has-yellow-background-color has-text-color has-background\" style=\"color:#9c6e6e\">d)<strong> T\u00e9cnicas de Expresi\u00f3n Gr\u00e1fico-pl\u00e1stica<\/strong><\/p>\n\n\n\n<p><\/p>\n\n\n\n<p><strong>En el Art\u00edculo 10, en su punto 4.  <\/strong>se detalla que:<\/p>\n\n\n\n<p>el alumnado de la <strong>v\u00eda de<\/strong> M\u00fasica y Artes Esc\u00e9nicas, cursar\u00e1 en el <strong>primer curso<\/strong> las siguientes materias (v\u00e9ase organigrama \u00e1rbol): <\/p>\n\n\n\n<p><\/p>\n\n\n\n<div class=\"wp-block-buttons alignwide is-content-justification-center is-layout-flex wp-container-core-buttons-is-layout-16018d1d wp-block-buttons-is-layout-flex\">\n<div class=\"wp-block-button aligncenter\"><a class=\"wp-block-button__link has-yellow-color has-text-color has-background\" href=\"https:\/\/www.mindomo.com\/mindmap\/413d675801d94fc6b683cedba3eb97ac\" style=\"background-color:#b94747\" target=\"_blank\" rel=\"noreferrer noopener\">ORGANIGRAMA \u00c1RBOL<\/a><\/div>\n<\/div>\n\n\n\n<p><\/p>\n","protected":false},"excerpt":{"rendered":"<p>DE CONFORMIDAD con la Ley Org\u00e1nica 2\/2006, de 3 de mayo (Ref. BOE-A-2006-7899). Seg\u00fan el Real Decreto 243\/2022, de 5 de abril, por el que se establecen la ordenaci\u00f3n y las ense\u00f1anza del Bachillerato \u2014Bolet\u00edn Oficial del Estado (mi\u00e9rcoles 6 de abril de 2022), N\u00famero 82, Sec. I. P\u00e1g. 46052)\u2014 y que DEROGA todos los&hellip; <a class=\"more-link\" href=\"https:\/\/www.artheke.com\/?page_id=779\">Seguir leyendo <span class=\"screen-reader-text\">Modalidad de Artes<\/span><\/a><\/p>\n","protected":false},"author":1,"featured_media":0,"parent":0,"menu_order":0,"comment_status":"closed","ping_status":"closed","template":"","meta":{"footnotes":""},"class_list":["post-779","page","type-page","status-publish","hentry","entry"],"_links":{"self":[{"href":"https:\/\/www.artheke.com\/index.php?rest_route=\/wp\/v2\/pages\/779","targetHints":{"allow":["GET"]}}],"collection":[{"href":"https:\/\/www.artheke.com\/index.php?rest_route=\/wp\/v2\/pages"}],"about":[{"href":"https:\/\/www.artheke.com\/index.php?rest_route=\/wp\/v2\/types\/page"}],"author":[{"embeddable":true,"href":"https:\/\/www.artheke.com\/index.php?rest_route=\/wp\/v2\/users\/1"}],"replies":[{"embeddable":true,"href":"https:\/\/www.artheke.com\/index.php?rest_route=%2Fwp%2Fv2%2Fcomments&post=779"}],"version-history":[{"count":10,"href":"https:\/\/www.artheke.com\/index.php?rest_route=\/wp\/v2\/pages\/779\/revisions"}],"predecessor-version":[{"id":875,"href":"https:\/\/www.artheke.com\/index.php?rest_route=\/wp\/v2\/pages\/779\/revisions\/875"}],"wp:attachment":[{"href":"https:\/\/www.artheke.com\/index.php?rest_route=%2Fwp%2Fv2%2Fmedia&parent=779"}],"curies":[{"name":"wp","href":"https:\/\/api.w.org\/{rel}","templated":true}]}}