{"id":902,"date":"2022-05-24T17:03:38","date_gmt":"2022-05-24T17:03:38","guid":{"rendered":"https:\/\/artheke.com\/?page_id=902"},"modified":"2022-06-22T08:32:22","modified_gmt":"2022-06-22T08:32:22","slug":"revistas","status":"publish","type":"page","link":"https:\/\/www.artheke.com\/?page_id=902","title":{"rendered":"Revistas"},"content":{"rendered":"\n<p>REVISTA INTERNACIONAL DEL LIBRO, DIGITALIZACI\u00d3N, ARCHIVOS Y BIBLIOTECAS:<\/p>\n\n\n\n<p>Gonzalo S\u00e1nchez-Molero, J.L. (2013). El tr\u00e1nsito del rollo al c\u00f3dice: un viaje a los or\u00edgenes del <em>codex<\/em> y de nuestra concepci\u00f3n material del libro, <em>1<\/em>-1. Common Ground.  <a rel=\"noreferrer noopener\" href=\"https:\/\/www.academia.edu\/5315740\/El_tra_nsito_del_rollo_al_c%C3%B3dice_un_viaje_a_los_or%C3%ADgenes_del_codex\" data-type=\"URL\" data-id=\"https:\/\/www.academia.edu\/5315740\/El_tra_nsito_del_rollo_al_c%C3%B3dice_un_viaje_a_los_or%C3%ADgenes_del_codex\" target=\"_blank\">https:\/\/www.academia.edu\/5315740\/El_tra_nsito_del_rollo_al_c%C3%B3dice_un_viaje_a_los_or%C3%ADgenes_del_codex<\/a><\/p>\n","protected":false},"excerpt":{"rendered":"<p>REVISTA INTERNACIONAL DEL LIBRO, DIGITALIZACI\u00d3N, ARCHIVOS Y BIBLIOTECAS: Gonzalo S\u00e1nchez-Molero, J.L. (2013). El tr\u00e1nsito del rollo al c\u00f3dice: un viaje a los or\u00edgenes del codex y de nuestra concepci\u00f3n material del libro, 1-1. Common Ground. https:\/\/www.academia.edu\/5315740\/El_tra_nsito_del_rollo_al_c%C3%B3dice_un_viaje_a_los_or%C3%ADgenes_del_codex<\/p>\n","protected":false},"author":1,"featured_media":0,"parent":0,"menu_order":0,"comment_status":"closed","ping_status":"closed","template":"","meta":{"footnotes":""},"class_list":["post-902","page","type-page","status-publish","hentry","entry"],"_links":{"self":[{"href":"https:\/\/www.artheke.com\/index.php?rest_route=\/wp\/v2\/pages\/902","targetHints":{"allow":["GET"]}}],"collection":[{"href":"https:\/\/www.artheke.com\/index.php?rest_route=\/wp\/v2\/pages"}],"about":[{"href":"https:\/\/www.artheke.com\/index.php?rest_route=\/wp\/v2\/types\/page"}],"author":[{"embeddable":true,"href":"https:\/\/www.artheke.com\/index.php?rest_route=\/wp\/v2\/users\/1"}],"replies":[{"embeddable":true,"href":"https:\/\/www.artheke.com\/index.php?rest_route=%2Fwp%2Fv2%2Fcomments&post=902"}],"version-history":[{"count":3,"href":"https:\/\/www.artheke.com\/index.php?rest_route=\/wp\/v2\/pages\/902\/revisions"}],"predecessor-version":[{"id":1201,"href":"https:\/\/www.artheke.com\/index.php?rest_route=\/wp\/v2\/pages\/902\/revisions\/1201"}],"wp:attachment":[{"href":"https:\/\/www.artheke.com\/index.php?rest_route=%2Fwp%2Fv2%2Fmedia&parent=902"}],"curies":[{"name":"wp","href":"https:\/\/api.w.org\/{rel}","templated":true}]}}