{"id":913,"date":"2022-05-24T17:12:53","date_gmt":"2022-05-24T17:12:53","guid":{"rendered":"https:\/\/artheke.com\/?page_id=913"},"modified":"2023-03-07T19:31:49","modified_gmt":"2023-03-07T19:31:49","slug":"otros-blogs","status":"publish","type":"page","link":"https:\/\/www.artheke.com\/?page_id=913","title":{"rendered":"Otros Blogs o Webs"},"content":{"rendered":"\n<p>Para estar seguros que una colecci\u00f3n se puede ofrecer en l\u00ednea y en qu\u00e9 situaci\u00f3n est\u00e1n los derechos de autor, se puede tener presente el siguiente esquema:<\/p>\n\n\n\n<div data-wp-interactive=\"core\/file\" class=\"wp-block-file\"><object data-wp-bind--hidden=\"!state.hasPdfPreview\" hidden class=\"wp-block-file__embed\" data=\"https:\/\/artheke.com\/wp-content\/uploads\/2022\/05\/Diagrama-para-la-publicacion-de-contenidos-en-la-web-Stroomschema_onli....pdf\" type=\"application\/pdf\" style=\"width:100%;height:600px\" aria-label=\"Incrustado de Diagrama-para-la-publicacion-de-contenidos-en-la-web-Stroomschema_onli....\"><\/object><a id=\"wp-block-file--media-13f77392-f95e-470d-9730-ed7b3822fa32\" href=\"https:\/\/artheke.com\/wp-content\/uploads\/2022\/05\/Diagrama-para-la-publicacion-de-contenidos-en-la-web-Stroomschema_onli....pdf\">Diagrama-para-la-publicacion-de-contenidos-en-la-web-Stroomschema_onli&#8230;<\/a><a href=\"https:\/\/artheke.com\/wp-content\/uploads\/2022\/05\/Diagrama-para-la-publicacion-de-contenidos-en-la-web-Stroomschema_onli....pdf\" class=\"wp-block-file__button wp-element-button\" download aria-describedby=\"wp-block-file--media-13f77392-f95e-470d-9730-ed7b3822fa32\">Descarga<\/a><\/div>\n\n\n\n<div class=\"wp-block-group has-extra-small-font-size is-vertical is-layout-flex wp-container-core-group-is-layout-8cf370e7 wp-block-group-is-layout-flex\">\n<p>Publicada el&nbsp;24 de mayo de 2022<\/p>\n\n\n\n<p>Por&nbsp;<a href=\"https:\/\/artheke.com\/?author=1\">Cebri\u00e1n Gonz\u00e1lez Mar\u00eda Teresa<\/a><\/p>\n<\/div>\n","protected":false},"excerpt":{"rendered":"<p>Para estar seguros que una colecci\u00f3n se puede ofrecer en l\u00ednea y en qu\u00e9 situaci\u00f3n est\u00e1n los derechos de autor, se puede tener presente el siguiente esquema: Publicada el&nbsp;24 de mayo de 2022 Por&nbsp;Cebri\u00e1n Gonz\u00e1lez Mar\u00eda Teresa<\/p>\n","protected":false},"author":1,"featured_media":0,"parent":0,"menu_order":0,"comment_status":"closed","ping_status":"closed","template":"","meta":{"footnotes":""},"class_list":["post-913","page","type-page","status-publish","hentry","entry"],"_links":{"self":[{"href":"https:\/\/www.artheke.com\/index.php?rest_route=\/wp\/v2\/pages\/913","targetHints":{"allow":["GET"]}}],"collection":[{"href":"https:\/\/www.artheke.com\/index.php?rest_route=\/wp\/v2\/pages"}],"about":[{"href":"https:\/\/www.artheke.com\/index.php?rest_route=\/wp\/v2\/types\/page"}],"author":[{"embeddable":true,"href":"https:\/\/www.artheke.com\/index.php?rest_route=\/wp\/v2\/users\/1"}],"replies":[{"embeddable":true,"href":"https:\/\/www.artheke.com\/index.php?rest_route=%2Fwp%2Fv2%2Fcomments&post=913"}],"version-history":[{"count":4,"href":"https:\/\/www.artheke.com\/index.php?rest_route=\/wp\/v2\/pages\/913\/revisions"}],"predecessor-version":[{"id":1746,"href":"https:\/\/www.artheke.com\/index.php?rest_route=\/wp\/v2\/pages\/913\/revisions\/1746"}],"wp:attachment":[{"href":"https:\/\/www.artheke.com\/index.php?rest_route=%2Fwp%2Fv2%2Fmedia&parent=913"}],"curies":[{"name":"wp","href":"https:\/\/api.w.org\/{rel}","templated":true}]}}