{"id":916,"date":"2022-05-24T18:15:56","date_gmt":"2022-05-24T18:15:56","guid":{"rendered":"https:\/\/artheke.com\/?page_id=916"},"modified":"2022-10-17T12:22:00","modified_gmt":"2022-10-17T12:22:00","slug":"database","status":"publish","type":"page","link":"https:\/\/www.artheke.com\/?page_id=916","title":{"rendered":"Bases de datos"},"content":{"rendered":"\n<p class=\"has-extra-large-font-size\">Database<\/p>\n\n\n\n<p>En inform\u00e1tica, una \u00abbase de datos\u00bb es una colecci\u00f3n organizada de datos almacenados que est\u00e1n relacionados y a los que se accede electr\u00f3nicamente. Tambi\u00e9n se refiere al sistema de gesti\u00f3n de base de datos (DBMS) \u2014software que interact\u00faa con los usuarios finales\u2014.<\/p>\n\n\n\n<div class=\"wp-block-buttons is-content-justification-center is-layout-flex wp-container-core-buttons-is-layout-16018d1d wp-block-buttons-is-layout-flex\">\n<div class=\"wp-block-button\"><a class=\"wp-block-button__link\" href=\"https:\/\/en.wikipedia.org\/wiki\/Database\" target=\"_blank\" rel=\"noreferrer noopener\">Base de datos<\/a><\/div>\n<\/div>\n\n\n\n<p><\/p>\n\n\n\n<figure class=\"wp-block-video\"><video controls src=\"https:\/\/artheke.com\/wp-content\/uploads\/2022\/05\/vidsplay-fun-color-spiral-twist.mp4-1080p.mp4\"><\/video><\/figure>\n\n\n\n<p>En el siguiente enlace, de la <strong><em>Biblioteca de la Universidad de L\u00e9rida<\/em>, <\/strong>pueden consultarse algunas de las <strong>Bases de datos<\/strong> y que est\u00e1n ordenadas <strong>por orden alfab\u00e9tico de la A a la Z<\/strong>:<\/p>\n\n\n\n<div class=\"wp-block-buttons is-content-justification-center is-layout-flex wp-container-core-buttons-is-layout-16018d1d wp-block-buttons-is-layout-flex\">\n<div class=\"wp-block-button has-custom-width wp-block-button__width-100 has-custom-font-size has-extra-large-font-size\"><a class=\"wp-block-button__link has-background\" href=\"https:\/\/biblioguies.udl.cat\/az.php\" style=\"background-color:#822e84\" target=\"_blank\" rel=\"noreferrer noopener\">Bases de Datos (AZ)<\/a><\/div>\n<\/div>\n\n\n\n<p>Son numerosos los enlaces que te llevan a las distintas bases de datos desde la A-Z, por ejemplo, en la <strong>Biblioteca de la Universidad Complutense de Madrid<\/strong>:<\/p>\n\n\n\n<div class=\"wp-block-buttons is-content-justification-center is-layout-flex wp-container-core-buttons-is-layout-16018d1d wp-block-buttons-is-layout-flex\">\n<div class=\"wp-block-button has-custom-font-size is-style-outline has-extra-large-font-size is-style-outline--1\"><a class=\"wp-block-button__link has-text-color\" style=\"color:#943232\">Bases de Datos (AZ)<\/a><\/div>\n<\/div>\n\n\n\n<div class=\"wp-block-group is-vertical is-layout-flex wp-container-core-group-is-layout-8cf370e7 wp-block-group-is-layout-flex\">\n<p class=\"has-extra-small-font-size\">Publicada el&nbsp;26 de mayo de 2022<\/p>\n\n\n\n<p class=\"has-extra-small-font-size\">Por&nbsp;<a href=\"https:\/\/artheke.com\/?author=1\">Cebri\u00e1n Gonz\u00e1lez, Mar\u00eda Teresa<\/a><\/p>\n<\/div>\n","protected":false},"excerpt":{"rendered":"<p>Database En inform\u00e1tica, una \u00abbase de datos\u00bb es una colecci\u00f3n organizada de datos almacenados que est\u00e1n relacionados y a los que se accede electr\u00f3nicamente. Tambi\u00e9n se refiere al sistema de gesti\u00f3n de base de datos (DBMS) \u2014software que interact\u00faa con los usuarios finales\u2014. En el siguiente enlace, de la Biblioteca de la Universidad de L\u00e9rida,&hellip; <a class=\"more-link\" href=\"https:\/\/www.artheke.com\/?page_id=916\">Seguir leyendo <span class=\"screen-reader-text\">Bases de datos<\/span><\/a><\/p>\n","protected":false},"author":1,"featured_media":0,"parent":0,"menu_order":0,"comment_status":"closed","ping_status":"closed","template":"","meta":{"footnotes":""},"class_list":["post-916","page","type-page","status-publish","hentry","entry"],"_links":{"self":[{"href":"https:\/\/www.artheke.com\/index.php?rest_route=\/wp\/v2\/pages\/916","targetHints":{"allow":["GET"]}}],"collection":[{"href":"https:\/\/www.artheke.com\/index.php?rest_route=\/wp\/v2\/pages"}],"about":[{"href":"https:\/\/www.artheke.com\/index.php?rest_route=\/wp\/v2\/types\/page"}],"author":[{"embeddable":true,"href":"https:\/\/www.artheke.com\/index.php?rest_route=\/wp\/v2\/users\/1"}],"replies":[{"embeddable":true,"href":"https:\/\/www.artheke.com\/index.php?rest_route=%2Fwp%2Fv2%2Fcomments&post=916"}],"version-history":[{"count":14,"href":"https:\/\/www.artheke.com\/index.php?rest_route=\/wp\/v2\/pages\/916\/revisions"}],"predecessor-version":[{"id":1441,"href":"https:\/\/www.artheke.com\/index.php?rest_route=\/wp\/v2\/pages\/916\/revisions\/1441"}],"wp:attachment":[{"href":"https:\/\/www.artheke.com\/index.php?rest_route=%2Fwp%2Fv2%2Fmedia&parent=916"}],"curies":[{"name":"wp","href":"https:\/\/api.w.org\/{rel}","templated":true}]}}