{"id":929,"date":"2022-05-24T19:42:44","date_gmt":"2022-05-24T19:42:44","guid":{"rendered":"https:\/\/artheke.com\/?page_id=929"},"modified":"2022-09-17T09:09:19","modified_gmt":"2022-09-17T09:09:19","slug":"spi-scholarly-publisher-indicators-in-humanities-and-social-sciences","status":"publish","type":"page","link":"https:\/\/www.artheke.com\/?page_id=929","title":{"rendered":"SPI Scholarly Publisher Indicators In Humanities and Social Sciences"},"content":{"rendered":"\n<p>\u00ab<em>Un sistema de Informaci\u00f3n que ofrece indicadores y herramientas relacionados con las editoriales cient\u00edficas o de inter\u00e9s para la investigaci\u00f3n en el \u00e1mbito de las Humanidades y las Ciencias Sociales.<\/em><\/p>\n\n\n\n<p><em>Los&nbsp;<strong>indicadores<\/strong>&nbsp;que se incluyen pretenden servir&nbsp;<strong>como referencia<\/strong>&nbsp;(<strong>no como valor definitivo<\/strong>&nbsp;de una editorial) en los procesos de evaluaci\u00f3n y permitir la objetivaci\u00f3n de algunos conceptos como el del &#8216;prestigio de la editorial&#8217;<\/em>.\u00bb.<\/p>\n\n\n\n<div class=\"wp-block-buttons is-content-justification-center is-layout-flex wp-container-core-buttons-is-layout-16018d1d wp-block-buttons-is-layout-flex\">\n<div class=\"wp-block-button\"><a class=\"wp-block-button__link\" href=\"http:\/\/ilia.cchs.csic.es\/SPI\/\" target=\"_blank\" rel=\"noreferrer noopener\">SPI<\/a><\/div>\n<\/div>\n\n\n\n<div class=\"wp-block-group has-extra-small-font-size is-vertical is-layout-flex wp-container-core-group-is-layout-8cf370e7 wp-block-group-is-layout-flex\">\n<p class=\"has-extra-small-font-size\">Publicada el\u00a024 de mayo de 2022<\/p>\n\n\n\n<p class=\"has-extra-small-font-size\">Por&nbsp;<a href=\"https:\/\/artheke.com\/?author=1\">Cebri\u00e1n Gonz\u00e1lez Mar\u00eda Teresa<\/a><\/p>\n<\/div>\n","protected":false},"excerpt":{"rendered":"<p>\u00abUn sistema de Informaci\u00f3n que ofrece indicadores y herramientas relacionados con las editoriales cient\u00edficas o de inter\u00e9s para la investigaci\u00f3n en el \u00e1mbito de las Humanidades y las Ciencias Sociales. Los&nbsp;indicadores&nbsp;que se incluyen pretenden servir&nbsp;como referencia&nbsp;(no como valor definitivo&nbsp;de una editorial) en los procesos de evaluaci\u00f3n y permitir la objetivaci\u00f3n de algunos conceptos como el&hellip; <a class=\"more-link\" href=\"https:\/\/www.artheke.com\/?page_id=929\">Seguir leyendo <span class=\"screen-reader-text\">SPI Scholarly Publisher Indicators In Humanities and Social Sciences<\/span><\/a><\/p>\n","protected":false},"author":1,"featured_media":0,"parent":0,"menu_order":0,"comment_status":"closed","ping_status":"closed","template":"","meta":{"footnotes":""},"class_list":["post-929","page","type-page","status-publish","hentry","entry"],"_links":{"self":[{"href":"https:\/\/www.artheke.com\/index.php?rest_route=\/wp\/v2\/pages\/929","targetHints":{"allow":["GET"]}}],"collection":[{"href":"https:\/\/www.artheke.com\/index.php?rest_route=\/wp\/v2\/pages"}],"about":[{"href":"https:\/\/www.artheke.com\/index.php?rest_route=\/wp\/v2\/types\/page"}],"author":[{"embeddable":true,"href":"https:\/\/www.artheke.com\/index.php?rest_route=\/wp\/v2\/users\/1"}],"replies":[{"embeddable":true,"href":"https:\/\/www.artheke.com\/index.php?rest_route=%2Fwp%2Fv2%2Fcomments&post=929"}],"version-history":[{"count":5,"href":"https:\/\/www.artheke.com\/index.php?rest_route=\/wp\/v2\/pages\/929\/revisions"}],"predecessor-version":[{"id":1377,"href":"https:\/\/www.artheke.com\/index.php?rest_route=\/wp\/v2\/pages\/929\/revisions\/1377"}],"wp:attachment":[{"href":"https:\/\/www.artheke.com\/index.php?rest_route=%2Fwp%2Fv2%2Fmedia&parent=929"}],"curies":[{"name":"wp","href":"https:\/\/api.w.org\/{rel}","templated":true}]}}