{"id":966,"date":"2022-05-30T23:33:03","date_gmt":"2022-05-30T23:33:03","guid":{"rendered":"https:\/\/artheke.com\/?page_id=966"},"modified":"2022-05-30T23:33:03","modified_gmt":"2022-05-30T23:33:03","slug":"jstor-journal-storage","status":"publish","type":"page","link":"https:\/\/www.artheke.com\/?page_id=966","title":{"rendered":"JSTOR (Journal Storage)"},"content":{"rendered":"\n<p><\/p>\n\n\n\n<p class=\"has-white-background-color has-text-color has-background has-extra-large-font-size\" style=\"color:#8b2b2b\"><strong>JSTOR (Journal Storage)<\/strong> o \u00abalmac\u00e9n de publicaciones peri\u00f3dicas\u00bb. <\/p>\n\n\n\n<div class=\"wp-block-group\"><div class=\"wp-block-group__inner-container is-layout-flow wp-block-group-is-layout-flow\">\n<p><img loading=\"lazy\" decoding=\"async\" width=\"67\" height=\"91\" class=\"wp-image-957\" style=\"width: 67px;\" src=\"https:\/\/artheke.com\/wp-content\/uploads\/2022\/05\/image-4.png\" alt=\"\"> Es un sistema de almacenamiento en l\u00ednea de publicaciones acad\u00e9micas. Organizaci\u00f3n estadounidense que se fund\u00f3 en 1995 con base en la ciudad de Nueva York. Las publicaciones digitalizadas se retrotraen hasta 1665.<\/p>\n<\/div><\/div>\n\n\n\n<figure class=\"wp-block-image size-large\"><img loading=\"lazy\" decoding=\"async\" width=\"1024\" height=\"460\" src=\"https:\/\/artheke.com\/wp-content\/uploads\/2022\/05\/image-1-1024x460.png\" alt=\"\" class=\"wp-image-954\" srcset=\"https:\/\/www.artheke.com\/wp-content\/uploads\/2022\/05\/image-1-1024x460.png 1024w, https:\/\/www.artheke.com\/wp-content\/uploads\/2022\/05\/image-1-300x135.png 300w, https:\/\/www.artheke.com\/wp-content\/uploads\/2022\/05\/image-1-768x345.png 768w, https:\/\/www.artheke.com\/wp-content\/uploads\/2022\/05\/image-1.png 1459w\" sizes=\"auto, (max-width: 1024px) 100vw, 1024px\" \/><figcaption>P\u00e1gina principal de JSTOR<\/figcaption><\/figure>\n\n\n\n<p>Esta base de datos de car\u00e1cter multidisciplinar de la empresa ITACA posibilita el acceso a la informaci\u00f3n relativa a las \u00e1reas tem\u00e1sticas de Artes y Humanidades, Ciencia y Ciencias Sociales. En total m\u00e1s de 12 millones de art\u00edculos de revistas, libros, im\u00e1genes y fuentes primarias  de 75 disciplinas.<\/p>\n\n\n\n<p>En definitiva una biblioteca digital que, como ellos mismos definen, est\u00e1 destinada a los intelectualmente curiosos ayudando a todos a descubrir, compartir y conectar ideas valiosas. <\/p>\n\n\n\n<figure class=\"wp-block-embed is-type-video is-provider-youtube wp-block-embed-youtube wp-embed-aspect-16-9 wp-has-aspect-ratio\"><div class=\"wp-block-embed__wrapper\">\n<iframe loading=\"lazy\" title=\"Explore the world\u2019s knowledge, cultures, and ideas\" width=\"750\" height=\"422\" src=\"https:\/\/www.youtube.com\/embed\/r6_NUI5WaJM?start=51&#038;feature=oembed\" frameborder=\"0\" allow=\"accelerometer; autoplay; clipboard-write; encrypted-media; gyroscope; picture-in-picture\" allowfullscreen><\/iframe>\n<\/div><figcaption>Explore the world&#8217;s knowledge, cultures, and ideas<\/figcaption><\/figure>\n\n\n\n<p>Referencias:<\/p>\n\n\n\n<p>Base de Datos. <a href=\"https:\/\/en.wikipedia.org\/wiki\/Database\" data-type=\"URL\" data-id=\"https:\/\/en.wikipedia.org\/wiki\/Database\">https:\/\/en.wikipedia.org\/wiki\/Database<\/a><\/p>\n\n\n\n<p>JSTOR, Journal Storage. <a href=\"https:\/\/www.jstor.org\/\" data-type=\"URL\" data-id=\"https:\/\/www.jstor.org\/\">https:\/\/www.jstor.org\/<\/a><\/p>\n\n\n\n<div class=\"wp-block-group is-vertical is-layout-flex wp-container-core-group-is-layout-8cf370e7 wp-block-group-is-layout-flex\">\n<p class=\"has-extra-small-font-size\">Publicada el&nbsp;26 de mayo de 2022<\/p>\n\n\n\n<p class=\"has-extra-small-font-size\">Por&nbsp;<a href=\"https:\/\/artheke.com\/?author=1\">Cebri\u00e1n Gonz\u00e1lez, Mar\u00eda Teresa<\/a><\/p>\n<\/div>\n","protected":false},"excerpt":{"rendered":"<p>JSTOR (Journal Storage) o \u00abalmac\u00e9n de publicaciones peri\u00f3dicas\u00bb. Es un sistema de almacenamiento en l\u00ednea de publicaciones acad\u00e9micas. Organizaci\u00f3n estadounidense que se fund\u00f3 en 1995 con base en la ciudad de Nueva York. Las publicaciones digitalizadas se retrotraen hasta 1665. Esta base de datos de car\u00e1cter multidisciplinar de la empresa ITACA posibilita el acceso a&hellip; <a class=\"more-link\" href=\"https:\/\/www.artheke.com\/?page_id=966\">Seguir leyendo <span class=\"screen-reader-text\">JSTOR (Journal Storage)<\/span><\/a><\/p>\n","protected":false},"author":1,"featured_media":0,"parent":0,"menu_order":0,"comment_status":"closed","ping_status":"closed","template":"","meta":{"footnotes":""},"class_list":["post-966","page","type-page","status-publish","hentry","entry"],"_links":{"self":[{"href":"https:\/\/www.artheke.com\/index.php?rest_route=\/wp\/v2\/pages\/966","targetHints":{"allow":["GET"]}}],"collection":[{"href":"https:\/\/www.artheke.com\/index.php?rest_route=\/wp\/v2\/pages"}],"about":[{"href":"https:\/\/www.artheke.com\/index.php?rest_route=\/wp\/v2\/types\/page"}],"author":[{"embeddable":true,"href":"https:\/\/www.artheke.com\/index.php?rest_route=\/wp\/v2\/users\/1"}],"replies":[{"embeddable":true,"href":"https:\/\/www.artheke.com\/index.php?rest_route=%2Fwp%2Fv2%2Fcomments&post=966"}],"version-history":[{"count":1,"href":"https:\/\/www.artheke.com\/index.php?rest_route=\/wp\/v2\/pages\/966\/revisions"}],"predecessor-version":[{"id":967,"href":"https:\/\/www.artheke.com\/index.php?rest_route=\/wp\/v2\/pages\/966\/revisions\/967"}],"wp:attachment":[{"href":"https:\/\/www.artheke.com\/index.php?rest_route=%2Fwp%2Fv2%2Fmedia&parent=966"}],"curies":[{"name":"wp","href":"https:\/\/api.w.org\/{rel}","templated":true}]}}