{"id":970,"date":"2022-05-30T23:42:58","date_gmt":"2022-05-30T23:42:58","guid":{"rendered":"https:\/\/artheke.com\/?page_id=970"},"modified":"2022-09-17T08:40:02","modified_gmt":"2022-09-17T08:40:02","slug":"artehistoria","status":"publish","type":"page","link":"https:\/\/www.artheke.com\/?page_id=970","title":{"rendered":"Artehistoria"},"content":{"rendered":"\n<figure class=\"wp-block-image size-full\"><img loading=\"lazy\" decoding=\"async\" width=\"875\" height=\"439\" src=\"https:\/\/artheke.com\/wp-content\/uploads\/2022\/05\/image-6.png\" alt=\"\" class=\"wp-image-972\" srcset=\"https:\/\/www.artheke.com\/wp-content\/uploads\/2022\/05\/image-6.png 875w, https:\/\/www.artheke.com\/wp-content\/uploads\/2022\/05\/image-6-300x151.png 300w, https:\/\/www.artheke.com\/wp-content\/uploads\/2022\/05\/image-6-768x385.png 768w\" sizes=\"auto, (max-width: 875px) 100vw, 875px\" \/><figcaption>Artehistoria<\/figcaption><\/figure>\n\n\n\n<figure class=\"wp-block-image size-large\"><img loading=\"lazy\" decoding=\"async\" width=\"1024\" height=\"508\" src=\"https:\/\/artheke.com\/wp-content\/uploads\/2022\/05\/image-7-1024x508.png\" alt=\"\" class=\"wp-image-973\" srcset=\"https:\/\/www.artheke.com\/wp-content\/uploads\/2022\/05\/image-7-1024x508.png 1024w, https:\/\/www.artheke.com\/wp-content\/uploads\/2022\/05\/image-7-300x149.png 300w, https:\/\/www.artheke.com\/wp-content\/uploads\/2022\/05\/image-7-768x381.png 768w, https:\/\/www.artheke.com\/wp-content\/uploads\/2022\/05\/image-7.png 1444w\" sizes=\"auto, (max-width: 1024px) 100vw, 1024px\" \/><figcaption>Artehistoria<\/figcaption><\/figure>\n\n\n\n<p>Como su p\u00e1gina web indica:<\/p>\n\n\n\n<p>\u00abEs un referente mundial en la ense\u00f1anza del Arte y la Historia en lengua espa\u00f1ola. El rigor de sus contenidos avalados por la categor\u00eda de sus autores, todos ellos grandes autoridades en cada una de las \u00e1reas tratadas de las principales universidades, junto a la diversidad de temas tratados, que abarcan todas las \u00e9pocas y los principales acontecimientos acaecidos en cada una de ellas. Hacen de Artehistoria una herramienta indispensable para estudiantes y estudiosos de todo el mundo\u00bb (artehistoria.com).<\/p>\n\n\n\n<p>Cuenta con m\u00e1s de 150.000 p\u00e1ginas de documentos, cerca de 40.000 im\u00e1genes y m\u00e1s de 1.000 v\u00eddeos que componen un amplio recorrido por la Historia y el Arte universales.<\/p>\n\n\n\n<div class=\"wp-block-buttons is-content-justification-center is-layout-flex wp-container-core-buttons-is-layout-16018d1d wp-block-buttons-is-layout-flex\">\n<div class=\"wp-block-button\"><a class=\"wp-block-button__link\" href=\"\" target=\"_blank\" rel=\"noreferrer noopener\">Artehistoria<\/a><\/div>\n<\/div>\n\n\n\n<div class=\"wp-block-group\"><div class=\"wp-block-group__inner-container is-layout-flow wp-block-group-is-layout-flow\">\n<p><\/p>\n\n\n\n<div class=\"wp-block-group\"><div class=\"wp-block-group__inner-container is-layout-flow wp-block-group-is-layout-flow\">\n<p><\/p>\n\n\n\n<p><\/p>\n\n\n\n<div class=\"wp-block-group is-vertical is-layout-flex wp-container-core-group-is-layout-8cf370e7 wp-block-group-is-layout-flex\">\n<p class=\"has-extra-small-font-size\">Publicada el&nbsp;31 de mayo de 2022<\/p>\n\n\n\n<p class=\"has-extra-small-font-size\">Por&nbsp;<a href=\"https:\/\/artheke.com\/?author=1\">Cebri\u00e1n Gonz\u00e1lez, Mar\u00eda Teresa<\/a><\/p>\n<\/div>\n<\/div><\/div>\n<\/div><\/div>\n","protected":false},"excerpt":{"rendered":"<p>Como su p\u00e1gina web indica: \u00abEs un referente mundial en la ense\u00f1anza del Arte y la Historia en lengua espa\u00f1ola. El rigor de sus contenidos avalados por la categor\u00eda de sus autores, todos ellos grandes autoridades en cada una de las \u00e1reas tratadas de las principales universidades, junto a la diversidad de temas tratados, que&hellip; <a class=\"more-link\" href=\"https:\/\/www.artheke.com\/?page_id=970\">Seguir leyendo <span class=\"screen-reader-text\">Artehistoria<\/span><\/a><\/p>\n","protected":false},"author":1,"featured_media":0,"parent":0,"menu_order":0,"comment_status":"closed","ping_status":"closed","template":"","meta":{"footnotes":""},"class_list":["post-970","page","type-page","status-publish","hentry","entry"],"_links":{"self":[{"href":"https:\/\/www.artheke.com\/index.php?rest_route=\/wp\/v2\/pages\/970","targetHints":{"allow":["GET"]}}],"collection":[{"href":"https:\/\/www.artheke.com\/index.php?rest_route=\/wp\/v2\/pages"}],"about":[{"href":"https:\/\/www.artheke.com\/index.php?rest_route=\/wp\/v2\/types\/page"}],"author":[{"embeddable":true,"href":"https:\/\/www.artheke.com\/index.php?rest_route=\/wp\/v2\/users\/1"}],"replies":[{"embeddable":true,"href":"https:\/\/www.artheke.com\/index.php?rest_route=%2Fwp%2Fv2%2Fcomments&post=970"}],"version-history":[{"count":6,"href":"https:\/\/www.artheke.com\/index.php?rest_route=\/wp\/v2\/pages\/970\/revisions"}],"predecessor-version":[{"id":1374,"href":"https:\/\/www.artheke.com\/index.php?rest_route=\/wp\/v2\/pages\/970\/revisions\/1374"}],"wp:attachment":[{"href":"https:\/\/www.artheke.com\/index.php?rest_route=%2Fwp%2Fv2%2Fmedia&parent=970"}],"curies":[{"name":"wp","href":"https:\/\/api.w.org\/{rel}","templated":true}]}}