{"id":984,"date":"2022-05-31T09:55:44","date_gmt":"2022-05-31T09:55:44","guid":{"rendered":"https:\/\/artheke.com\/?page_id=984"},"modified":"2022-05-31T10:19:49","modified_gmt":"2022-05-31T10:19:49","slug":"publicaciones-jcr-journal-citation-reports","status":"publish","type":"page","link":"https:\/\/www.artheke.com\/?page_id=984","title":{"rendered":"Publicaciones JCR (Journal Citation Reports)"},"content":{"rendered":"\n<p>Elaborado y publicado anualmente por Thomson-ISI, es la principal herramienta que se emplea para la evaluaci\u00f3n de las revistas cient\u00edficas. Permite conocer indicadores como factor de impacto considerando la inmediatez (rapidez) o cuartil con que un documento es probable que tenga un impacto.<\/p>\n\n\n\n<p>FECYT (Fundaci\u00f3n Espa\u00f1ola para la Ciencia y Tecnolog\u00eda, F.S.P.) es una fundaci\u00f3n p\u00fablica dependiente del Ministerio de Ciencia e Innovaci\u00f3n. Entre sus objetivos est\u00e1 reforzar el v\u00ednculo entre ciencia y sociedad mediante acciones que promuevan la ciencia abierta e inclusiva, la cultura y la educaci\u00f3n cient\u00edficas, dando respuesta a las necesidades y retos del Sistema Espa\u00f1ol de Ciencia, Tecnolog\u00eda e Innovaci\u00f3n.<\/p>\n\n\n\n<p>En este contexto, FECYT gestiona las licencias de las dos principales bases de datos mundiales de referencias bibliogr\u00e1fica y citas de publicaciones peri\u00f3dicas: Web of Science (propiedad de Clarivate Analytics) y Scopus (propiedad de Elsevier).<\/p>\n\n\n\n<figure class=\"wp-block-image size-full\"><img loading=\"lazy\" decoding=\"async\" width=\"933\" height=\"750\" src=\"https:\/\/artheke.com\/wp-content\/uploads\/2022\/05\/image-9.png\" alt=\"\" class=\"wp-image-986\" srcset=\"https:\/\/www.artheke.com\/wp-content\/uploads\/2022\/05\/image-9.png 933w, https:\/\/www.artheke.com\/wp-content\/uploads\/2022\/05\/image-9-300x241.png 300w, https:\/\/www.artheke.com\/wp-content\/uploads\/2022\/05\/image-9-768x617.png 768w\" sizes=\"auto, (max-width: 933px) 100vw, 933px\" \/><\/figure>\n\n\n\n<p>Las instituciones con acceso a estas bases de datos, de contenido cient\u00edfico relevante para la investigaci\u00f3n son las Universidades (p\u00fablicas y privadas), Organismos P\u00fablicos de Investigaci\u00f3n, Centros Tecnol\u00f3gicos, Parques Cient\u00edficos, Servicios de Investigaci\u00f3n Agraria, Servicios de Investigaci\u00f3n Sanitaria y Administraci\u00f3n P\u00fablica de I+D. <\/p>\n\n\n\n<div class=\"wp-block-group\"><div class=\"wp-block-group__inner-container is-layout-flow wp-block-group-is-layout-flow\">\n<p>La Herramienta de an\u00e1lisis del JCR le permitir\u00e1 disponer de:<\/p>\n\n\n\n<ul class=\"wp-block-list\"><li>Un entorno interactivo e integrado para conocer datos importantes del Journal Citaci\u00f3n Report de forma flexible y r\u00e1pida.<\/li><li>La posibilidad de realizar b\u00fasquedas por revista y tem\u00e1tica de las versiones de Ciencias y Ciencias Sociales del JCR desde el a\u00f1o 2002, as\u00ed como los datos del factor de impacto y de las diferentes m\u00e9tricas.<\/li><li>La exportaci\u00f3n de los datos consultados en formato pdf.<\/li><li>Adicionalmente y como novedad en la nueva licencia de 2018, todas aquellas instituciones que lo requieran se les puede facilitar el excel del JCR con esta informaic\u00f3n para alimentar sistemas propios como repositorios y CRIS institucionales.<\/li><\/ul>\n<\/div><\/div>\n\n\n\n<div class=\"wp-block-buttons is-content-justification-center is-layout-flex wp-container-core-buttons-is-layout-16018d1d wp-block-buttons-is-layout-flex\">\n<div class=\"wp-block-button\"><a class=\"wp-block-button__link has-white-background-color has-text-color has-background\" style=\"color:#659284\">\u00cdNDICES DE IMPACTO<\/a><\/div>\n<\/div>\n\n\n\n<p>As\u00ed, <a href=\"https:\/\/www.recursoscientificos.fecyt.es\/servicios\/acceso-bases-datos\">FECYT <\/a> proporciona enlaces de acceso directo a las distintas bases de datos para todas aquellas instituciones que necesiten disponer de estos enlaces en los portales de sus bibliotecas:<\/p>\n\n\n\n<div class=\"wp-block-buttons is-content-justification-center is-layout-flex wp-container-core-buttons-is-layout-16018d1d wp-block-buttons-is-layout-flex\">\n<div class=\"wp-block-button\"><a class=\"wp-block-button__link has-gray-color has-text-color has-background\" href=\"\" style=\"background-color:#70b39b\" target=\"_blank\" rel=\"noreferrer noopener\">ACCESO A BASES DE DATOS<\/a><\/div>\n<\/div>\n\n\n\n<p>La herramienta de an\u00e1lisis de JCR remite a la p\u00e1gina de acceso por la que tras identificarse se accede:<\/p>\n\n\n\n<div class=\"wp-block-buttons is-content-justification-center is-layout-flex wp-container-core-buttons-is-layout-16018d1d wp-block-buttons-is-layout-flex\">\n<div class=\"wp-block-button\"><a class=\"wp-block-button__link has-white-background-color has-text-color has-background\" href=\"https:\/\/idp.fecyt.es\/adas\/SAML2\/SSOService.php?SAMLRequest=lZLRboIwFIZfhfReWlAzaYSE6cVM3DTCdrGbpZTDaIIt6ylzvv1QXNxuTHbd%2F%2FzfOV86R7FvWp52rtY7%2BOgAnfe1bzTy80NMOqu5EaiQa7EH5E7yLH1c89BnvLXGGWka4qWIYJ0yemE0dnuwGdhPJeF5t45J7VyLnNLD4eBbkJ1Fg1KBdqpS0qBfgTw6H5BWQjpjaVarojANuNpHNPSEC%2Bl2k%2BXEW%2Fb7KS1OpGuvKttrhygFXkaybHNZw2%2FrlnirZUzegklRTZhkgQiCipWMsXBSRePZbBLdlQVEfQyxg5VGJ7SLScjCcMSmo3GQs4hPQz5mr8TbXi6%2FV7pU%2Bv22pmIIIX%2FI8%2B1oOOQFLJ6P6AMkmZ9k8zPY%2FtJ%2Fu1b8OCfJycQ%2FBM%2FpL94Ab%2FlTD1gtt6ZR8uilTWMOCwvCQUwCQpNh5O9HSb4B&amp;RelayState=cookie%3A1653990750_6a6d\" style=\"color:#58997e\" target=\"_blank\" rel=\"noreferrer noopener\">HERRAMIENTA DE AN\u00c1LISIS DEL JCR<\/a><\/div>\n<\/div>\n\n\n\n<p>Otros \u00edndices de Valoraci\u00f3n de Revistas Cient\u00edficas son CARHus Plus+, CIRC, DICE, Eigenfactor.org, ERIH (European Reference Index for the Humanities, Factor de Impacto Potencial de las Revistas M\u00e9dicas Espa\u00f1olas, H-Index Scholar, In-RECJ, In-RECS, Latidenx, MIAR (Matriu d&#8217;informaci\u00f3 per l&#8217;Avaluaci\u00f3 de Revistas), RESH, Scimago Journal Rank, Scopus \u2014que permite el registro del Evaluador de Revistas (Journals Analyzer)\u2014. Toda la informaci\u00f3n de estos \u00cdndices de Valoraci\u00f3n pueden consultarse por ejemplo en:<\/p>\n\n\n\n<p><\/p>\n\n\n\n<div class=\"wp-block-buttons is-content-justification-center is-layout-flex wp-container-core-buttons-is-layout-16018d1d wp-block-buttons-is-layout-flex\">\n<div class=\"wp-block-button\"><a class=\"wp-block-button__link has-text-color has-background\" href=\"https:\/\/www.upo.es\/biblioteca\/soporte\/inves\/valor_rev\/evaluadores\/indices\/index.html\" style=\"background-color:#0379b4;color:#d4b358\" target=\"_blank\" rel=\"noreferrer noopener\">Biblioteca CRAI (UPO)<\/a><\/div>\n<\/div>\n\n\n\n<p><\/p>\n\n\n\n<div class=\"wp-block-group\"><div class=\"wp-block-group__inner-container is-layout-flow wp-block-group-is-layout-flow\">\n<div class=\"wp-block-group has-extra-small-font-size is-vertical is-layout-flex wp-container-core-group-is-layout-8cf370e7 wp-block-group-is-layout-flex\">\n<p><br>Publicada el\u00a031 de mayo de 2022<\/p>\n\n\n\n<p>Por\u00a0<a href=\"https:\/\/artheke.com\/?author=1\">Cebri\u00e1n Gonz\u00e1lez, Mar\u00eda Teresa<\/a><\/p>\n<\/div>\n<\/div><\/div>\n\n\n\n<p><\/p>\n","protected":false},"excerpt":{"rendered":"<p>Elaborado y publicado anualmente por Thomson-ISI, es la principal herramienta que se emplea para la evaluaci\u00f3n de las revistas cient\u00edficas. Permite conocer indicadores como factor de impacto considerando la inmediatez (rapidez) o cuartil con que un documento es probable que tenga un impacto. FECYT (Fundaci\u00f3n Espa\u00f1ola para la Ciencia y Tecnolog\u00eda, F.S.P.) es una fundaci\u00f3n&hellip; <a class=\"more-link\" href=\"https:\/\/www.artheke.com\/?page_id=984\">Seguir leyendo <span class=\"screen-reader-text\">Publicaciones JCR (Journal Citation Reports)<\/span><\/a><\/p>\n","protected":false},"author":1,"featured_media":0,"parent":0,"menu_order":0,"comment_status":"closed","ping_status":"closed","template":"","meta":{"footnotes":""},"class_list":["post-984","page","type-page","status-publish","hentry","entry"],"_links":{"self":[{"href":"https:\/\/www.artheke.com\/index.php?rest_route=\/wp\/v2\/pages\/984","targetHints":{"allow":["GET"]}}],"collection":[{"href":"https:\/\/www.artheke.com\/index.php?rest_route=\/wp\/v2\/pages"}],"about":[{"href":"https:\/\/www.artheke.com\/index.php?rest_route=\/wp\/v2\/types\/page"}],"author":[{"embeddable":true,"href":"https:\/\/www.artheke.com\/index.php?rest_route=\/wp\/v2\/users\/1"}],"replies":[{"embeddable":true,"href":"https:\/\/www.artheke.com\/index.php?rest_route=%2Fwp%2Fv2%2Fcomments&post=984"}],"version-history":[{"count":5,"href":"https:\/\/www.artheke.com\/index.php?rest_route=\/wp\/v2\/pages\/984\/revisions"}],"predecessor-version":[{"id":991,"href":"https:\/\/www.artheke.com\/index.php?rest_route=\/wp\/v2\/pages\/984\/revisions\/991"}],"wp:attachment":[{"href":"https:\/\/www.artheke.com\/index.php?rest_route=%2Fwp%2Fv2%2Fmedia&parent=984"}],"curies":[{"name":"wp","href":"https:\/\/api.w.org\/{rel}","templated":true}]}}