{"id":996,"date":"2022-05-31T10:57:59","date_gmt":"2022-05-31T10:57:59","guid":{"rendered":"https:\/\/artheke.com\/?page_id=996"},"modified":"2022-05-31T11:01:37","modified_gmt":"2022-05-31T11:01:37","slug":"bbc-archivo","status":"publish","type":"page","link":"https:\/\/www.artheke.com\/?page_id=996","title":{"rendered":"BBC ARCHIVO"},"content":{"rendered":"\n<p>BBC Archives administra uno de los archivos multimedia m\u00e1s grandes del mundo. <\/p>\n\n\n\n<ul class=\"wp-block-list\"><li>Su misi\u00f3n consiste en preservar el contenido para que pueda ser utilizado. Y, <\/li><li>Su visi\u00f3n es tener un archivo abierto, apto para un mundo digital. <\/li><li>Su objetivo es administrar la diversa gama de colecciones y apoyar la investigaci\u00f3n, la reutilizaci\u00f3n y el acceso al material de la BBC por parte del personal de la BBC y otras personas que lo necesiten mientras crean contenido nuevo para la BBC. <\/li><\/ul>\n\n\n\n<p>El archivo de la BBC se encuentra al oeste de Londres albergando 15 millones de activos. No es accesible al p\u00fablico, pero los programas de la BBC se pueden buscar en el Instituto Brit\u00e1nico de cine o en la Biblioteca Brit\u00e1nica. Los detalles se pueden encontrar en: <\/p>\n\n\n\n<div class=\"wp-block-buttons is-content-justification-center is-layout-flex wp-container-core-buttons-is-layout-16018d1d wp-block-buttons-is-layout-flex\">\n<div class=\"wp-block-button\"><a class=\"wp-block-button__link has-black-color has-white-background-color has-text-color has-background\" href=\"https:\/\/www.bbc.co.uk\/archive\/information-for-external-enquirers\/zrqpwty\" target=\"_blank\" rel=\"noreferrer noopener\">INVESTIGANDO LOS ARCHIVOS DE LA BBC<\/a><\/div>\n<\/div>\n\n\n\n<div class=\"wp-block-group\"><div class=\"wp-block-group__inner-container is-layout-flow wp-block-group-is-layout-flow\">\n<div class=\"wp-block-group\"><div class=\"wp-block-group__inner-container is-layout-flow wp-block-group-is-layout-flow\">\n<div class=\"wp-block-group\"><div class=\"wp-block-group__inner-container is-layout-flow wp-block-group-is-layout-flow\">\n<div class=\"wp-block-group is-vertical is-layout-flex wp-container-core-group-is-layout-8cf370e7 wp-block-group-is-layout-flex\">\n<p class=\"has-extra-small-font-size\">Publicada el\u00a031 de mayo de 2022<\/p>\n\n\n\n<p class=\"has-extra-small-font-size\">Por\u00a0<a href=\"https:\/\/artheke.com\/?author=1\">Cebri\u00e1n Gonz\u00e1lez, Mar\u00eda Teresa<\/a><\/p>\n<\/div>\n<\/div><\/div>\n<\/div><\/div>\n<\/div><\/div>\n","protected":false},"excerpt":{"rendered":"<p>BBC Archives administra uno de los archivos multimedia m\u00e1s grandes del mundo. Su misi\u00f3n consiste en preservar el contenido para que pueda ser utilizado. Y, Su visi\u00f3n es tener un archivo abierto, apto para un mundo digital. Su objetivo es administrar la diversa gama de colecciones y apoyar la investigaci\u00f3n, la reutilizaci\u00f3n y el acceso&hellip; <a class=\"more-link\" href=\"https:\/\/www.artheke.com\/?page_id=996\">Seguir leyendo <span class=\"screen-reader-text\">BBC ARCHIVO<\/span><\/a><\/p>\n","protected":false},"author":1,"featured_media":0,"parent":0,"menu_order":0,"comment_status":"closed","ping_status":"closed","template":"","meta":{"footnotes":""},"class_list":["post-996","page","type-page","status-publish","hentry","entry"],"_links":{"self":[{"href":"https:\/\/www.artheke.com\/index.php?rest_route=\/wp\/v2\/pages\/996","targetHints":{"allow":["GET"]}}],"collection":[{"href":"https:\/\/www.artheke.com\/index.php?rest_route=\/wp\/v2\/pages"}],"about":[{"href":"https:\/\/www.artheke.com\/index.php?rest_route=\/wp\/v2\/types\/page"}],"author":[{"embeddable":true,"href":"https:\/\/www.artheke.com\/index.php?rest_route=\/wp\/v2\/users\/1"}],"replies":[{"embeddable":true,"href":"https:\/\/www.artheke.com\/index.php?rest_route=%2Fwp%2Fv2%2Fcomments&post=996"}],"version-history":[{"count":4,"href":"https:\/\/www.artheke.com\/index.php?rest_route=\/wp\/v2\/pages\/996\/revisions"}],"predecessor-version":[{"id":1001,"href":"https:\/\/www.artheke.com\/index.php?rest_route=\/wp\/v2\/pages\/996\/revisions\/1001"}],"wp:attachment":[{"href":"https:\/\/www.artheke.com\/index.php?rest_route=%2Fwp%2Fv2%2Fmedia&parent=996"}],"curies":[{"name":"wp","href":"https:\/\/api.w.org\/{rel}","templated":true}]}}